{"id":150,"date":"2014-06-20T18:13:05","date_gmt":"2014-06-20T16:13:05","guid":{"rendered":"http:\/\/pino-polimeno.de\/new\/?page_id=150"},"modified":"2014-07-08T15:55:50","modified_gmt":"2014-07-08T13:55:50","slug":"impressum","status":"publish","type":"page","link":"http:\/\/pino-polimeno.de\/new?page_id=150","title":{"rendered":"Impressum"},"content":{"rendered":"<p>&nbsp;<\/p>\n<p>Verantwortlich f\u00fcr den Inhalt:<\/p>\n<p>&nbsp;<\/p>\n<p>Pino Polimeno<br \/>\nStaublau<br \/>\nStaugraben 9<br \/>\nD-26122 Oldenburg<\/p>\n<p>Steuer ID:\u00a0 50 234 797 868<\/p>\n<p>&nbsp;<\/p>\n<p><a href=\"mailto:info@pino-polimeno.de\">info@pino-polimeno.de<\/a><\/p>\n<p>&nbsp;<\/p>\n<p>Urheberrecht:<\/p>\n<p>Die durch den Autor erstellten Inhalte und Werke sowie die von dem Autor eingestellten Inhalte und Werke auf diesen Seiten unterliegen dem deutschen Urheberrecht.<br \/>\nDie Vervielf\u00e4ltigung, Bearbeitung, Verbreitung und jede Art der Verwertung au\u00dferhalb der Grenzen des Urheberrechtes bed\u00fcrfen der schriftlichen Zustimmung des jeweiligen Autors bzw. Erstellers. Downloads und Kopien dieser Seite sind nur f\u00fcr den privaten, nicht kommerziellen Gebrauch gestattet. Soweit die Inhalte auf dieser Seite nicht vom Betreiber erstellt wurden, werden die Urheberrechte Dritter beachtet. Der Autor \u00fcbernimmt keinerlei Gew\u00e4hr f\u00fcr die Aktualit\u00e4t, Korrektheit, Vollst\u00e4ndigkeit oder Qualit\u00e4t der bereitgestellten Informationen. Haftungsanspr\u00fcche gegen den Autor, welche sich auf Sch\u00e4den materieller oder ideeller Art beziehen, die durch die Nutzung oder Nichtnutzung der dargebotenen Informationen bzw. durch die Nutzung fehlerhafter und unvollst\u00e4ndiger Informationen verursacht wurden, sind grunds\u00e4tzlich ausgeschlossen, sofern seitens des Autors kein nachweislich vors\u00e4tzliches oder grob fahrl\u00e4ssiges Verschulden vorliegt.<\/p>\n<p>&nbsp;<\/p>\n<p>Das Copyright der Bilder verbleibt bei deren Urhebern.<\/p>\n<p>&nbsp;<\/p>\n<p>Haftungsausschluss<\/p>\n<p>Trotz sorgf\u00e4ltiger Pr\u00fcfung kann Pino Polimeno keine Verantwortung f\u00fcr den Inhalt externer Webseiten \u00fcbernehmen. Ein Link zu einer fremden Seite bedeutet weder, dass er mit dem Inhalt dieser Seite in allen Teilen einverstanden ist noch, dass er ihn billigt oder akzeptiert. Die Haftung f\u00fcr jeglichen Schaden durch verlinkte Seiten oder f\u00fcr deren Inhalt muss er ausschlie\u00dfen.<\/p>\n<p>&nbsp;<\/p>\n<p>Gestaltung der Webseite: Jutta Henglein-Bildau<br \/>\nTechnische Umsetzung: Iliya Chilev<\/p>\n","protected":false},"excerpt":{"rendered":"<p>&nbsp; Verantwortlich f\u00fcr den Inhalt: &nbsp; Pino Polimeno Staublau Staugraben 9 D-26122 Oldenburg Steuer ID:\u00a0 50 234 797 868 &nbsp; info@pino-polimeno.de &nbsp; Urheberrecht: Die durch den Autor erstellten Inhalte und Werke sowie die von dem Autor eingestellten Inhalte und Werke auf diesen Seiten unterliegen dem deutschen Urheberrecht. Die Vervielf\u00e4ltigung, Bearbeitung, Verbreitung und jede Art der [&hellip;]<\/p>\n","protected":false},"author":1,"featured_media":0,"parent":0,"menu_order":0,"comment_status":"open","ping_status":"open","template":"","meta":{"footnotes":""},"_links":{"self":[{"href":"http:\/\/pino-polimeno.de\/new\/index.php?rest_route=\/wp\/v2\/pages\/150"}],"collection":[{"href":"http:\/\/pino-polimeno.de\/new\/index.php?rest_route=\/wp\/v2\/pages"}],"about":[{"href":"http:\/\/pino-polimeno.de\/new\/index.php?rest_route=\/wp\/v2\/types\/page"}],"author":[{"embeddable":true,"href":"http:\/\/pino-polimeno.de\/new\/index.php?rest_route=\/wp\/v2\/users\/1"}],"replies":[{"embeddable":true,"href":"http:\/\/pino-polimeno.de\/new\/index.php?rest_route=%2Fwp%2Fv2%2Fcomments&post=150"}],"version-history":[{"count":20,"href":"http:\/\/pino-polimeno.de\/new\/index.php?rest_route=\/wp\/v2\/pages\/150\/revisions"}],"predecessor-version":[{"id":421,"href":"http:\/\/pino-polimeno.de\/new\/index.php?rest_route=\/wp\/v2\/pages\/150\/revisions\/421"}],"wp:attachment":[{"href":"http:\/\/pino-polimeno.de\/new\/index.php?rest_route=%2Fwp%2Fv2%2Fmedia&parent=150"}],"curies":[{"name":"wp","href":"https:\/\/api.w.org\/{rel}","templated":true}]}}