{"id":7,"date":"2014-06-12T12:41:13","date_gmt":"2014-06-12T10:41:13","guid":{"rendered":"http:\/\/pino-polimeno.de\/new\/?page_id=7"},"modified":"2023-10-04T18:04:59","modified_gmt":"2023-10-04T16:04:59","slug":"ausstellungen","status":"publish","type":"page","link":"https:\/\/pino-polimeno.de\/new?page_id=7","title":{"rendered":"Ausstellungen"},"content":{"rendered":"<p>N\u00e4chste Termine:<\/p>\n<p>&#8211; G\u00fcterschuppen Westerstede 18.2.-10.3.2024<\/p>\n<p>&#8211; Huntenkunst, Ulft (NL) 24.,25.,26.5.2024<\/p>\n<p>St\u00e4ndige Ausstellung:<\/p>\n<p><strong>Atelier Staublau Oldenburg<\/strong> <a href=\"http:\/\/www.staublau.de\">www.staublau.de<\/a><\/p>\n","protected":false},"excerpt":{"rendered":"<p>N\u00e4chste Termine: &#8211; G\u00fcterschuppen Westerstede 18.2.-10.3.2024 &#8211; Huntenkunst, Ulft (NL) 24.,25.,26.5.2024 St\u00e4ndige Ausstellung: Atelier Staublau Oldenburg www.staublau.de<\/p>\n","protected":false},"author":1,"featured_media":0,"parent":0,"menu_order":3,"comment_status":"open","ping_status":"open","template":"","meta":{"footnotes":""},"_links":{"self":[{"href":"https:\/\/pino-polimeno.de\/new\/index.php?rest_route=\/wp\/v2\/pages\/7"}],"collection":[{"href":"https:\/\/pino-polimeno.de\/new\/index.php?rest_route=\/wp\/v2\/pages"}],"about":[{"href":"https:\/\/pino-polimeno.de\/new\/index.php?rest_route=\/wp\/v2\/types\/page"}],"author":[{"embeddable":true,"href":"https:\/\/pino-polimeno.de\/new\/index.php?rest_route=\/wp\/v2\/users\/1"}],"replies":[{"embeddable":true,"href":"https:\/\/pino-polimeno.de\/new\/index.php?rest_route=%2Fwp%2Fv2%2Fcomments&post=7"}],"version-history":[{"count":96,"href":"https:\/\/pino-polimeno.de\/new\/index.php?rest_route=\/wp\/v2\/pages\/7\/revisions"}],"predecessor-version":[{"id":746,"href":"https:\/\/pino-polimeno.de\/new\/index.php?rest_route=\/wp\/v2\/pages\/7\/revisions\/746"}],"wp:attachment":[{"href":"https:\/\/pino-polimeno.de\/new\/index.php?rest_route=%2Fwp%2Fv2%2Fmedia&parent=7"}],"curies":[{"name":"wp","href":"https:\/\/api.w.org\/{rel}","templated":true}]}}